{"id":12,"date":"2019-08-07T17:33:38","date_gmt":"2019-08-07T15:33:38","guid":{"rendered":"https:\/\/www.odtahovkasebo.sk\/?page_id=12"},"modified":"2024-07-26T09:41:20","modified_gmt":"2024-07-26T07:41:20","slug":"odtahovka-sebo","status":"publish","type":"page","link":"https:\/\/www.odtahovkasebo.sk\/","title":{"rendered":"Odtahovka Sebo | Nitra"},"content":{"rendered":"\n<p>Pon\u00fakame od\u0165ah vozidiel NONSTOP 24H v r\u00e1mci celej SR a EU, <br>&#8211; <!--#-->nepojazdn\u00e9<br>&#8211; <!--#-->neprihl\u00e1sen\u00e9 <br>&#8211; <!--#-->nab\u00faran\u00e9 <br>&#8211; <!--#-->po\u0161koden\u00e9<br>&#8211; <!--#-->dovoz auta zo zahrani\u010dia <br>&#8211; <!--#-->preprava dreva <br>&#8211; <!--#-->r\u00f4zneho stavebn\u00e9ho materi\u00e1lu <br>&#8211; <!--#-->preprava strojov a techniky <br>&#8211; <!--#-->\u0161tvorkolky \/ motorky <br>&#8211; <!--#-->malo traktory<br>\n&#8211; <!--#-->bez STK\/EK<br>\n&#8211; <!--#-->n\u00fadzov\u00e9 \u0161tartovanie<br>\n&#8211; <!--#-->doplnenie paliv<br>\n&#8211; <!--#-->pomoc pri v\u00fdmene kolesa -servis \/ pneuservis<br><br>\nPon\u00fakame kompletn\u00e9 servisn\u00e9 slu\u017eby vozidl\u00e1m v\u0161etk\u00fdch zna\u010diek vr\u00e1tane pneu-servisu.<br>\nPri od\u0165ahu je mo\u017enos\u0165 odvies\u0165 \u0161tvor\u010dlenn\u00fa pos\u00e1dku     <br><strong>V pr\u00edpade potreby volajte <a href=\"tel:+421905517025\">0905 517 025<\/a> | <a href=\"tel:+421949468820\">0949 468 820<\/a> !<\/strong><\/p>\n\n\n\n<p class=\"has-text-align-center\"><a href=\"https:\/\/www.odtahovkasebo.sk\/?p=93\"><strong>PREPRAVN\u00dd PORIADOK N\u00c1KLADNEJ CESTNEJ DOPRAVY<\/strong><\/a><\/p>\n\n\n\n<p><strong>Nie\u010do o n\u00e1s&#8230;<\/strong><br><span class=\"has-inline-color has-black-color\">Kr\u00e9dom na\u0161ej firmy je v prvom rade spokojn\u00fd z\u00e1kazn\u00edk. Hlavne spokojnos\u0165 na\u0161ich klientov zabezpe\u010duj\u00fa dobr\u00e9 referencie, a tak aj neust\u00e1ly rast na\u0161ej firmy. Na\u0161a firma od\u0165ahovka \u0160ebo ma dlhoro\u010dn\u00e9 sk\u00fasenosti s od\u0165ahom motorov\u00fdch vozidiel a tak neust\u00e1le pom\u00e1hame motoristom na cest\u00e1ch.<\/span><\/p>\n\n\n\n<p><strong>Pracujeme Nonstop!<\/strong><\/p>\n\n\n\n<figure class=\"wp-block-gallery aligncenter has-nested-images columns-3 is-cropped wp-block-gallery-1 is-layout-flex wp-block-gallery-is-layout-flex\">\n<figure class=\"wp-block-image size-large\"><img loading=\"lazy\" decoding=\"async\" width=\"1024\" height=\"472\" data-id=\"67\" src=\"https:\/\/www.odtahovkasebo.sk\/wp-content\/uploads\/2019\/09\/odtahovka-sebo4jpg-1024x472.jpg\" alt=\"\" class=\"wp-image-67\" srcset=\"https:\/\/www.odtahovkasebo.sk\/wp-content\/uploads\/2019\/09\/odtahovka-sebo4jpg-1024x472.jpg 1024w, https:\/\/www.odtahovkasebo.sk\/wp-content\/uploads\/2019\/09\/odtahovka-sebo4jpg-300x138.jpg 300w, https:\/\/www.odtahovkasebo.sk\/wp-content\/uploads\/2019\/09\/odtahovka-sebo4jpg-768x354.jpg 768w, https:\/\/www.odtahovkasebo.sk\/wp-content\/uploads\/2019\/09\/odtahovka-sebo4jpg.jpg 2016w\" sizes=\"(max-width: 1024px) 100vw, 1024px\" \/><\/figure>\n\n\n\n<figure class=\"wp-block-image size-large\"><img loading=\"lazy\" decoding=\"async\" width=\"768\" height=\"576\" data-id=\"135\" src=\"https:\/\/www.odtahovkasebo.sk\/wp-content\/uploads\/2024\/07\/odtahovka-1.jpg\" alt=\"\" class=\"wp-image-135\" srcset=\"https:\/\/www.odtahovkasebo.sk\/wp-content\/uploads\/2024\/07\/odtahovka-1.jpg 768w, https:\/\/www.odtahovkasebo.sk\/wp-content\/uploads\/2024\/07\/odtahovka-1-300x225.jpg 300w\" sizes=\"(max-width: 768px) 100vw, 768px\" \/><\/figure>\n\n\n\n<figure class=\"wp-block-image size-large\"><img loading=\"lazy\" decoding=\"async\" width=\"1024\" height=\"768\" data-id=\"138\" src=\"https:\/\/www.odtahovkasebo.sk\/wp-content\/uploads\/2024\/07\/odtahovka-2-1024x768.jpg\" alt=\"\" class=\"wp-image-138\" srcset=\"https:\/\/www.odtahovkasebo.sk\/wp-content\/uploads\/2024\/07\/odtahovka-2-1024x768.jpg 1024w, https:\/\/www.odtahovkasebo.sk\/wp-content\/uploads\/2024\/07\/odtahovka-2-300x225.jpg 300w, https:\/\/www.odtahovkasebo.sk\/wp-content\/uploads\/2024\/07\/odtahovka-2-768x576.jpg 768w, https:\/\/www.odtahovkasebo.sk\/wp-content\/uploads\/2024\/07\/odtahovka-2-1536x1152.jpg 1536w, https:\/\/www.odtahovkasebo.sk\/wp-content\/uploads\/2024\/07\/odtahovka-2.jpg 1600w\" sizes=\"(max-width: 1024px) 100vw, 1024px\" \/><\/figure>\n\n\n\n<figure class=\"wp-block-image size-large\"><img loading=\"lazy\" decoding=\"async\" width=\"1024\" height=\"461\" data-id=\"139\" src=\"https:\/\/www.odtahovkasebo.sk\/wp-content\/uploads\/2024\/07\/odtahovka-3-1024x461.jpg\" alt=\"\" class=\"wp-image-139\" srcset=\"https:\/\/www.odtahovkasebo.sk\/wp-content\/uploads\/2024\/07\/odtahovka-3-1024x461.jpg 1024w, https:\/\/www.odtahovkasebo.sk\/wp-content\/uploads\/2024\/07\/odtahovka-3-300x135.jpg 300w, https:\/\/www.odtahovkasebo.sk\/wp-content\/uploads\/2024\/07\/odtahovka-3-768x345.jpg 768w, https:\/\/www.odtahovkasebo.sk\/wp-content\/uploads\/2024\/07\/odtahovka-3-1536x691.jpg 1536w, https:\/\/www.odtahovkasebo.sk\/wp-content\/uploads\/2024\/07\/odtahovka-3-2048x921.jpg 2048w\" sizes=\"(max-width: 1024px) 100vw, 1024px\" \/><\/figure>\n\n\n\n<figure class=\"wp-block-image size-large\"><img loading=\"lazy\" decoding=\"async\" width=\"1024\" height=\"461\" data-id=\"136\" src=\"https:\/\/www.odtahovkasebo.sk\/wp-content\/uploads\/2024\/07\/odtahovka-4-1024x461.jpg\" alt=\"\" class=\"wp-image-136\" srcset=\"https:\/\/www.odtahovkasebo.sk\/wp-content\/uploads\/2024\/07\/odtahovka-4-1024x461.jpg 1024w, https:\/\/www.odtahovkasebo.sk\/wp-content\/uploads\/2024\/07\/odtahovka-4-300x135.jpg 300w, https:\/\/www.odtahovkasebo.sk\/wp-content\/uploads\/2024\/07\/odtahovka-4-768x346.jpg 768w, https:\/\/www.odtahovkasebo.sk\/wp-content\/uploads\/2024\/07\/odtahovka-4-1536x691.jpg 1536w, https:\/\/www.odtahovkasebo.sk\/wp-content\/uploads\/2024\/07\/odtahovka-4.jpg 2000w\" sizes=\"(max-width: 1024px) 100vw, 1024px\" \/><\/figure>\n\n\n\n<figure class=\"wp-block-image size-large\"><img loading=\"lazy\" decoding=\"async\" width=\"1024\" height=\"461\" data-id=\"137\" src=\"https:\/\/www.odtahovkasebo.sk\/wp-content\/uploads\/2024\/07\/odtahovka-5-1024x461.jpg\" alt=\"\" class=\"wp-image-137\" srcset=\"https:\/\/www.odtahovkasebo.sk\/wp-content\/uploads\/2024\/07\/odtahovka-5-1024x461.jpg 1024w, https:\/\/www.odtahovkasebo.sk\/wp-content\/uploads\/2024\/07\/odtahovka-5-300x135.jpg 300w, https:\/\/www.odtahovkasebo.sk\/wp-content\/uploads\/2024\/07\/odtahovka-5-768x346.jpg 768w, https:\/\/www.odtahovkasebo.sk\/wp-content\/uploads\/2024\/07\/odtahovka-5-1536x691.jpg 1536w, https:\/\/www.odtahovkasebo.sk\/wp-content\/uploads\/2024\/07\/odtahovka-5.jpg 2000w\" sizes=\"(max-width: 1024px) 100vw, 1024px\" \/><\/figure>\n\n\n\n<figure data-wp-context=\"{ &quot;core&quot;:\n\t\t\t\t{ &quot;image&quot;:\n\t\t\t\t\t{   &quot;imageLoaded&quot;: false,\n\t\t\t\t\t\t&quot;initialized&quot;: false,\n\t\t\t\t\t\t&quot;lightboxEnabled&quot;: false,\n\t\t\t\t\t\t&quot;hideAnimationEnabled&quot;: false,\n\t\t\t\t\t\t&quot;preloadInitialized&quot;: false,\n\t\t\t\t\t\t&quot;lightboxAnimation&quot;: &quot;zoom&quot;,\n\t\t\t\t\t\t&quot;imageUploadedSrc&quot;: &quot;https:\/\/www.odtahovkasebo.sk\/wp-content\/uploads\/2024\/07\/odtahovka008.jpg&quot;,\n\t\t\t\t\t\t&quot;imageCurrentSrc&quot;: &quot;&quot;,\n\t\t\t\t\t\t&quot;targetWidth&quot;: &quot;1080&quot;,\n\t\t\t\t\t\t&quot;targetHeight&quot;: &quot;810&quot;,\n\t\t\t\t\t\t&quot;scaleAttr&quot;: &quot;&quot;,\n\t\t\t\t\t\t&quot;dialogLabel&quot;: &quot;Zv\u00e4\u010d\u0161en\u00fd obr\u00e1zok&quot;\n\t\t\t\t\t}\n\t\t\t\t}\n\t\t\t}\" data-wp-interactive class=\"wp-block-image size-large wp-lightbox-container\"><img loading=\"lazy\" decoding=\"async\" width=\"1024\" height=\"768\" data-wp-effect--setStylesOnResize=\"effects.core.image.setStylesOnResize\" data-wp-effect=\"effects.core.image.setButtonStyles\" data-wp-init=\"effects.core.image.initOriginImage\" data-wp-on--click=\"actions.core.image.showLightbox\" data-wp-on--load=\"actions.core.image.handleLoad\" data-id=\"142\" src=\"https:\/\/www.odtahovkasebo.sk\/wp-content\/uploads\/2024\/07\/odtahovka008-1024x768.jpg\" alt=\"\" class=\"wp-image-142\" srcset=\"https:\/\/www.odtahovkasebo.sk\/wp-content\/uploads\/2024\/07\/odtahovka008-1024x768.jpg 1024w, https:\/\/www.odtahovkasebo.sk\/wp-content\/uploads\/2024\/07\/odtahovka008-300x225.jpg 300w, https:\/\/www.odtahovkasebo.sk\/wp-content\/uploads\/2024\/07\/odtahovka008-768x576.jpg 768w, https:\/\/www.odtahovkasebo.sk\/wp-content\/uploads\/2024\/07\/odtahovka008.jpg 1080w\" sizes=\"(max-width: 1024px) 100vw, 1024px\" \/><button\n\t\t\tclass=\"lightbox-trigger\"\n\t\t\ttype=\"button\"\n\t\t\taria-haspopup=\"dialog\"\n\t\t\taria-label=\"Zv\u00e4\u010d\u0161i\u0165 obr\u00e1zok\"\n\t\t\tdata-wp-on--click=\"actions.core.image.showLightbox\"\n\t\t\tdata-wp-style--right=\"context.core.image.imageButtonRight\"\n\t\t\tdata-wp-style--top=\"context.core.image.imageButtonTop\"\n\t\t>\n\t\t\t<svg xmlns=\"http:\/\/www.w3.org\/2000\/svg\" width=\"12\" height=\"12\" fill=\"none\" viewBox=\"0 0 12 12\">\n\t\t\t\t<path fill=\"#fff\" d=\"M2 0a2 2 0 0 0-2 2v2h1.5V2a.5.5 0 0 1 .5-.5h2V0H2Zm2 10.5H2a.5.5 0 0 1-.5-.5V8H0v2a2 2 0 0 0 2 2h2v-1.5ZM8 12v-1.5h2a.5.5 0 0 0 .5-.5V8H12v2a2 2 0 0 1-2 2H8Zm2-12a2 2 0 0 1 2 2v2h-1.5V2a.5.5 0 0 0-.5-.5H8V0h2Z\" \/>\n\t\t\t<\/svg>\n\t\t<\/button>        <div data-wp-body=\"\" class=\"wp-lightbox-overlay zoom\"\n            data-wp-bind--role=\"selectors.core.image.roleAttribute\"\n            data-wp-bind--aria-label=\"selectors.core.image.dialogLabel\"\n            data-wp-class--initialized=\"context.core.image.initialized\"\n            data-wp-class--active=\"context.core.image.lightboxEnabled\"\n            data-wp-class--hideAnimationEnabled=\"context.core.image.hideAnimationEnabled\"\n            data-wp-bind--aria-modal=\"selectors.core.image.ariaModal\"\n            data-wp-effect=\"effects.core.image.initLightbox\"\n            data-wp-on--keydown=\"actions.core.image.handleKeydown\"\n            data-wp-on--touchstart=\"actions.core.image.handleTouchStart\"\n            data-wp-on--touchmove=\"actions.core.image.handleTouchMove\"\n            data-wp-on--touchend=\"actions.core.image.handleTouchEnd\"\n            data-wp-on--click=\"actions.core.image.hideLightbox\"\n            tabindex=\"-1\"\n            >\n                <button type=\"button\" aria-label=\"Zatvori\u0165\" style=\"fill: #000\" class=\"close-button\" data-wp-on--click=\"actions.core.image.hideLightbox\">\n                    <svg xmlns=\"http:\/\/www.w3.org\/2000\/svg\" viewBox=\"0 0 24 24\" width=\"20\" height=\"20\" aria-hidden=\"true\" focusable=\"false\"><path d=\"M13 11.8l6.1-6.3-1-1-6.1 6.2-6.1-6.2-1 1 6.1 6.3-6.5 6.7 1 1 6.5-6.6 6.5 6.6 1-1z\"><\/path><\/svg>\n                <\/button>\n                <div class=\"lightbox-image-container\">\n<figure class=\"wp-block-image size-large responsive-image\"><img decoding=\"async\" data-wp-bind--src=\"context.core.image.imageCurrentSrc\" data-wp-style--object-fit=\"selectors.core.image.lightboxObjectFit\" data-id=\"142\" src=\"\" alt=\"\" class=\"wp-image-142\"\/><\/figure>\n<\/div>\n                <div class=\"lightbox-image-container\">\n<figure class=\"wp-block-image size-large enlarged-image\"><img decoding=\"async\" data-wp-bind--src=\"selectors.core.image.enlargedImgSrc\" data-wp-style--object-fit=\"selectors.core.image.lightboxObjectFit\" data-id=\"142\" src=\"\" alt=\"\" class=\"wp-image-142\"\/><\/figure>\n<\/div>\n                <div class=\"scrim\" style=\"background-color: #fff\" aria-hidden=\"true\"><\/div>\n        <\/div><\/figure>\n\n\n\n<figure class=\"wp-block-image size-large\"><img loading=\"lazy\" decoding=\"async\" width=\"1024\" height=\"461\" data-id=\"143\" src=\"https:\/\/www.odtahovkasebo.sk\/wp-content\/uploads\/2024\/07\/odthaovka009-1024x461.jpg\" alt=\"\" class=\"wp-image-143\" srcset=\"https:\/\/www.odtahovkasebo.sk\/wp-content\/uploads\/2024\/07\/odthaovka009-1024x461.jpg 1024w, https:\/\/www.odtahovkasebo.sk\/wp-content\/uploads\/2024\/07\/odthaovka009-300x135.jpg 300w, https:\/\/www.odtahovkasebo.sk\/wp-content\/uploads\/2024\/07\/odthaovka009-768x346.jpg 768w, https:\/\/www.odtahovkasebo.sk\/wp-content\/uploads\/2024\/07\/odthaovka009-1536x691.jpg 1536w, https:\/\/www.odtahovkasebo.sk\/wp-content\/uploads\/2024\/07\/odthaovka009.jpg 1600w\" sizes=\"(max-width: 1024px) 100vw, 1024px\" \/><\/figure>\n<\/figure>\n","protected":false},"excerpt":{"rendered":"<p>Pon\u00fakame od\u0165ah vozidiel NONSTOP 24H v r\u00e1mci celej SR a EU, &#8211; nepojazdn\u00e9&#8211; neprihl\u00e1sen\u00e9 &#8211; nab\u00faran\u00e9 &#8211; po\u0161koden\u00e9&#8211; dovoz auta zo zahrani\u010dia &#8211; preprava dreva &#8211; r\u00f4zneho stavebn\u00e9ho materi\u00e1lu &#8211; preprava strojov a techniky &#8211; \u0161tvorkolky \/ motorky &#8211; malo traktory &#8211; bez STK\/EK &#8211; n\u00fadzov\u00e9 \u0161tartovanie &#8211; doplnenie paliv &#8211; pomoc pri v\u00fdmene kolesa [&hellip;]<\/p>\n","protected":false},"author":1,"featured_media":0,"parent":0,"menu_order":0,"comment_status":"closed","ping_status":"closed","template":"","meta":{"_monsterinsights_skip_tracking":false,"_monsterinsights_sitenote_active":false,"_monsterinsights_sitenote_note":"","_monsterinsights_sitenote_category":0,"footnotes":""},"yoast_head":"<!-- This site is optimized with the Yoast SEO plugin v23.5 - https:\/\/yoast.com\/wordpress\/plugins\/seo\/ -->\n<title>Odtahovka Sebo | Nitra - Odtah SOS - Ulo\u017e si \u010d\u00edslo, nikdy nevie\u0161, kedy n\u00e1s bude\u0161 potrebova\u0165 ! 0905 517 025 | 0949 468 820<\/title>\n<meta name=\"description\" content=\"Kr\u00e9dom na\u0161ej firmy je v prvom rade spokojn\u00fd z\u00e1kazn\u00edk. Hlavne spkojnos\u0165 na\u0161ich klientov zabezpe\u010duj\u00fa dobr\u00e9 referencie, a tak aj neust\u00e1ly rast na\u0161ej firmy. Na\u0161a firma od\u0165ahovka \u0161ebo ma dlhoro\u010dn\u00e9 sk\u00fasenosti s od\u0165ahom motorov\u00fdch vozidiel a tak neust\u00e1le pom\u00e1hame motoristom na cest\u00e1ch.\" \/>\n<meta name=\"robots\" content=\"index, follow, max-snippet:-1, max-image-preview:large, max-video-preview:-1\" \/>\n<link rel=\"canonical\" href=\"https:\/\/www.odtahovkasebo.sk\/\" \/>\n<meta property=\"og:locale\" content=\"sk_SK\" \/>\n<meta property=\"og:type\" content=\"article\" \/>\n<meta property=\"og:title\" content=\"Odtahovka Sebo | Nitra - Odtah SOS - Ulo\u017e si \u010d\u00edslo, nikdy nevie\u0161, kedy n\u00e1s bude\u0161 potrebova\u0165 ! 0905 517 025 | 0949 468 820\" \/>\n<meta property=\"og:description\" content=\"Kr\u00e9dom na\u0161ej firmy je v prvom rade spokojn\u00fd z\u00e1kazn\u00edk. Hlavne spkojnos\u0165 na\u0161ich klientov zabezpe\u010duj\u00fa dobr\u00e9 referencie, a tak aj neust\u00e1ly rast na\u0161ej firmy. Na\u0161a firma od\u0165ahovka \u0161ebo ma dlhoro\u010dn\u00e9 sk\u00fasenosti s od\u0165ahom motorov\u00fdch vozidiel a tak neust\u00e1le pom\u00e1hame motoristom na cest\u00e1ch.\" \/>\n<meta property=\"og:url\" content=\"https:\/\/www.odtahovkasebo.sk\/\" \/>\n<meta property=\"og:site_name\" content=\"Odtah SOS\" \/>\n<meta property=\"article:publisher\" content=\"https:\/\/www.facebook.com\/odtah\/\" \/>\n<meta property=\"article:modified_time\" content=\"2024-07-26T07:41:20+00:00\" \/>\n<meta property=\"og:image\" content=\"https:\/\/www.odtahovkasebo.sk\/wp-content\/uploads\/2019\/09\/odtahovka-sebo4jpg-1024x472.jpg\" \/>\n<meta name=\"twitter:card\" content=\"summary_large_image\" \/>\n<meta name=\"twitter:label1\" content=\"Predpokladan\u00fd \u010das \u010d\u00edtania\" \/>\n\t<meta name=\"twitter:data1\" content=\"3 min\u00faty\" \/>\n<script type=\"application\/ld+json\" class=\"yoast-schema-graph\">{\"@context\":\"https:\/\/schema.org\",\"@graph\":[{\"@type\":\"WebPage\",\"@id\":\"https:\/\/www.odtahovkasebo.sk\/\",\"url\":\"https:\/\/www.odtahovkasebo.sk\/\",\"name\":\"Odtahovka Sebo | Nitra - Odtah SOS - Ulo\u017e si \u010d\u00edslo, nikdy nevie\u0161, kedy n\u00e1s bude\u0161 potrebova\u0165 ! 0905 517 025 | 0949 468 820\",\"isPartOf\":{\"@id\":\"https:\/\/www.odtahovkasebo.sk\/#website\"},\"primaryImageOfPage\":{\"@id\":\"https:\/\/www.odtahovkasebo.sk\/#primaryimage\"},\"image\":{\"@id\":\"https:\/\/www.odtahovkasebo.sk\/#primaryimage\"},\"thumbnailUrl\":\"https:\/\/www.odtahovkasebo.sk\/wp-content\/uploads\/2019\/09\/odtahovka-sebo4jpg-1024x472.jpg\",\"datePublished\":\"2019-08-07T15:33:38+00:00\",\"dateModified\":\"2024-07-26T07:41:20+00:00\",\"description\":\"Kr\u00e9dom na\u0161ej firmy je v prvom rade spokojn\u00fd z\u00e1kazn\u00edk. Hlavne spkojnos\u0165 na\u0161ich klientov zabezpe\u010duj\u00fa dobr\u00e9 referencie, a tak aj neust\u00e1ly rast na\u0161ej firmy. Na\u0161a firma od\u0165ahovka \u0161ebo ma dlhoro\u010dn\u00e9 sk\u00fasenosti s od\u0165ahom motorov\u00fdch vozidiel a tak neust\u00e1le pom\u00e1hame motoristom na cest\u00e1ch.\",\"breadcrumb\":{\"@id\":\"https:\/\/www.odtahovkasebo.sk\/#breadcrumb\"},\"inLanguage\":\"sk-SK\",\"potentialAction\":[{\"@type\":\"ReadAction\",\"target\":[\"https:\/\/www.odtahovkasebo.sk\/\"]}]},{\"@type\":\"ImageObject\",\"inLanguage\":\"sk-SK\",\"@id\":\"https:\/\/www.odtahovkasebo.sk\/#primaryimage\",\"url\":\"https:\/\/www.odtahovkasebo.sk\/wp-content\/uploads\/2019\/09\/odtahovka-sebo4jpg.jpg\",\"contentUrl\":\"https:\/\/www.odtahovkasebo.sk\/wp-content\/uploads\/2019\/09\/odtahovka-sebo4jpg.jpg\",\"width\":2016,\"height\":930},{\"@type\":\"BreadcrumbList\",\"@id\":\"https:\/\/www.odtahovkasebo.sk\/#breadcrumb\",\"itemListElement\":[{\"@type\":\"ListItem\",\"position\":1,\"name\":\"Home\",\"item\":\"https:\/\/www.odtahovkasebo.sk\/\"},{\"@type\":\"ListItem\",\"position\":2,\"name\":\"Odtahovka Sebo | Nitra\"}]},{\"@type\":\"WebSite\",\"@id\":\"https:\/\/www.odtahovkasebo.sk\/#website\",\"url\":\"https:\/\/www.odtahovkasebo.sk\/\",\"name\":\"Odtah SOS\",\"description\":\"Ulo\u017e si \u010d\u00edslo, nikdy nevie\u0161, kedy n\u00e1s bude\u0161 potrebova\u0165 ! 0905 517 025 | 0949 468 820\",\"potentialAction\":[{\"@type\":\"SearchAction\",\"target\":{\"@type\":\"EntryPoint\",\"urlTemplate\":\"https:\/\/www.odtahovkasebo.sk\/?s={search_term_string}\"},\"query-input\":{\"@type\":\"PropertyValueSpecification\",\"valueRequired\":true,\"valueName\":\"search_term_string\"}}],\"inLanguage\":\"sk-SK\"}]}<\/script>\n<!-- \/ Yoast SEO plugin. -->","yoast_head_json":{"title":"Odtahovka Sebo | Nitra - Odtah SOS - Ulo\u017e si \u010d\u00edslo, nikdy nevie\u0161, kedy n\u00e1s bude\u0161 potrebova\u0165 ! 0905 517 025 | 0949 468 820","description":"Kr\u00e9dom na\u0161ej firmy je v prvom rade spokojn\u00fd z\u00e1kazn\u00edk. Hlavne spkojnos\u0165 na\u0161ich klientov zabezpe\u010duj\u00fa dobr\u00e9 referencie, a tak aj neust\u00e1ly rast na\u0161ej firmy. Na\u0161a firma od\u0165ahovka \u0161ebo ma dlhoro\u010dn\u00e9 sk\u00fasenosti s od\u0165ahom motorov\u00fdch vozidiel a tak neust\u00e1le pom\u00e1hame motoristom na cest\u00e1ch.","robots":{"index":"index","follow":"follow","max-snippet":"max-snippet:-1","max-image-preview":"max-image-preview:large","max-video-preview":"max-video-preview:-1"},"canonical":"https:\/\/www.odtahovkasebo.sk\/","og_locale":"sk_SK","og_type":"article","og_title":"Odtahovka Sebo | Nitra - Odtah SOS - Ulo\u017e si \u010d\u00edslo, nikdy nevie\u0161, kedy n\u00e1s bude\u0161 potrebova\u0165 ! 0905 517 025 | 0949 468 820","og_description":"Kr\u00e9dom na\u0161ej firmy je v prvom rade spokojn\u00fd z\u00e1kazn\u00edk. Hlavne spkojnos\u0165 na\u0161ich klientov zabezpe\u010duj\u00fa dobr\u00e9 referencie, a tak aj neust\u00e1ly rast na\u0161ej firmy. Na\u0161a firma od\u0165ahovka \u0161ebo ma dlhoro\u010dn\u00e9 sk\u00fasenosti s od\u0165ahom motorov\u00fdch vozidiel a tak neust\u00e1le pom\u00e1hame motoristom na cest\u00e1ch.","og_url":"https:\/\/www.odtahovkasebo.sk\/","og_site_name":"Odtah SOS","article_publisher":"https:\/\/www.facebook.com\/odtah\/","article_modified_time":"2024-07-26T07:41:20+00:00","og_image":[{"url":"https:\/\/www.odtahovkasebo.sk\/wp-content\/uploads\/2019\/09\/odtahovka-sebo4jpg-1024x472.jpg"}],"twitter_card":"summary_large_image","twitter_misc":{"Predpokladan\u00fd \u010das \u010d\u00edtania":"3 min\u00faty"},"schema":{"@context":"https:\/\/schema.org","@graph":[{"@type":"WebPage","@id":"https:\/\/www.odtahovkasebo.sk\/","url":"https:\/\/www.odtahovkasebo.sk\/","name":"Odtahovka Sebo | Nitra - Odtah SOS - Ulo\u017e si \u010d\u00edslo, nikdy nevie\u0161, kedy n\u00e1s bude\u0161 potrebova\u0165 ! 0905 517 025 | 0949 468 820","isPartOf":{"@id":"https:\/\/www.odtahovkasebo.sk\/#website"},"primaryImageOfPage":{"@id":"https:\/\/www.odtahovkasebo.sk\/#primaryimage"},"image":{"@id":"https:\/\/www.odtahovkasebo.sk\/#primaryimage"},"thumbnailUrl":"https:\/\/www.odtahovkasebo.sk\/wp-content\/uploads\/2019\/09\/odtahovka-sebo4jpg-1024x472.jpg","datePublished":"2019-08-07T15:33:38+00:00","dateModified":"2024-07-26T07:41:20+00:00","description":"Kr\u00e9dom na\u0161ej firmy je v prvom rade spokojn\u00fd z\u00e1kazn\u00edk. Hlavne spkojnos\u0165 na\u0161ich klientov zabezpe\u010duj\u00fa dobr\u00e9 referencie, a tak aj neust\u00e1ly rast na\u0161ej firmy. Na\u0161a firma od\u0165ahovka \u0161ebo ma dlhoro\u010dn\u00e9 sk\u00fasenosti s od\u0165ahom motorov\u00fdch vozidiel a tak neust\u00e1le pom\u00e1hame motoristom na cest\u00e1ch.","breadcrumb":{"@id":"https:\/\/www.odtahovkasebo.sk\/#breadcrumb"},"inLanguage":"sk-SK","potentialAction":[{"@type":"ReadAction","target":["https:\/\/www.odtahovkasebo.sk\/"]}]},{"@type":"ImageObject","inLanguage":"sk-SK","@id":"https:\/\/www.odtahovkasebo.sk\/#primaryimage","url":"https:\/\/www.odtahovkasebo.sk\/wp-content\/uploads\/2019\/09\/odtahovka-sebo4jpg.jpg","contentUrl":"https:\/\/www.odtahovkasebo.sk\/wp-content\/uploads\/2019\/09\/odtahovka-sebo4jpg.jpg","width":2016,"height":930},{"@type":"BreadcrumbList","@id":"https:\/\/www.odtahovkasebo.sk\/#breadcrumb","itemListElement":[{"@type":"ListItem","position":1,"name":"Home","item":"https:\/\/www.odtahovkasebo.sk\/"},{"@type":"ListItem","position":2,"name":"Odtahovka Sebo | Nitra"}]},{"@type":"WebSite","@id":"https:\/\/www.odtahovkasebo.sk\/#website","url":"https:\/\/www.odtahovkasebo.sk\/","name":"Odtah SOS","description":"Ulo\u017e si \u010d\u00edslo, nikdy nevie\u0161, kedy n\u00e1s bude\u0161 potrebova\u0165 ! 0905 517 025 | 0949 468 820","potentialAction":[{"@type":"SearchAction","target":{"@type":"EntryPoint","urlTemplate":"https:\/\/www.odtahovkasebo.sk\/?s={search_term_string}"},"query-input":{"@type":"PropertyValueSpecification","valueRequired":true,"valueName":"search_term_string"}}],"inLanguage":"sk-SK"}]}},"_links":{"self":[{"href":"https:\/\/www.odtahovkasebo.sk\/index.php?rest_route=\/wp\/v2\/pages\/12"}],"collection":[{"href":"https:\/\/www.odtahovkasebo.sk\/index.php?rest_route=\/wp\/v2\/pages"}],"about":[{"href":"https:\/\/www.odtahovkasebo.sk\/index.php?rest_route=\/wp\/v2\/types\/page"}],"author":[{"embeddable":true,"href":"https:\/\/www.odtahovkasebo.sk\/index.php?rest_route=\/wp\/v2\/users\/1"}],"replies":[{"embeddable":true,"href":"https:\/\/www.odtahovkasebo.sk\/index.php?rest_route=%2Fwp%2Fv2%2Fcomments&post=12"}],"version-history":[{"count":5,"href":"https:\/\/www.odtahovkasebo.sk\/index.php?rest_route=\/wp\/v2\/pages\/12\/revisions"}],"predecessor-version":[{"id":146,"href":"https:\/\/www.odtahovkasebo.sk\/index.php?rest_route=\/wp\/v2\/pages\/12\/revisions\/146"}],"wp:attachment":[{"href":"https:\/\/www.odtahovkasebo.sk\/index.php?rest_route=%2Fwp%2Fv2%2Fmedia&parent=12"}],"curies":[{"name":"wp","href":"https:\/\/api.w.org\/{rel}","templated":true}]}}